{"id":104,"date":"2026-02-13T21:48:04","date_gmt":"2026-02-13T20:48:04","guid":{"rendered":"http:\/\/kitnet.hu\/?page_id=104"},"modified":"2026-03-04T14:00:48","modified_gmt":"2026-03-04T13:00:48","slug":"aszf","status":"publish","type":"page","link":"https:\/\/kitnet.hu\/?page_id=104","title":{"rendered":"\u00c1SZF"},"content":{"rendered":"\n\t<section class=\"section\" id=\"section_1587407320\">\n\t\t<div class=\"bg section-bg fill bg-fill  bg-loaded\" >\n\n\t\t\t\n\t\t\t\n\t\t\t\n\n\t\t<\/div>\n\n\t\t\n\n\t\t<div class=\"section-content relative\">\n\t\t\t\n\n<div class=\"row\"  id=\"row-1312699665\">\n\n\n\t<div id=\"col-1670091467\" class=\"col small-12 large-12\"  >\n\t\t\t\t<div class=\"col-inner\"  >\n\t\t\t\n\t\t\t\n\n\t<div id=\"text-169696613\" class=\"text\">\n\t\t\n\n<ul>\n<li>\n<h3>\u00c1ltal\u00e1nos Szerz\u0151d\u00e9si Felt\u00e9telek KITNET Kft. Hat\u00e1lyos 2025.07.12-t\u0151l:<strong>\u00a0<a href=\"https:\/\/kitnet.hu\/wp-content\/uploads\/2026\/02\/20250712_aszf_int__szolgbesorol-KITNET.pdf\" target=\"_blank\" rel=\"noopener\">Let\u00f6lt\u00e9s (pdf)<\/a><\/strong><\/h3>\n<\/li>\n<li>\n<h3>\u00c1ltal\u00e1nos Szerz\u0151d\u00e9si Felt\u00e9telek Macs\u00e1ri G\u00e1bor EV.. Hat\u00e1lyos 2025.07.12-t\u0151l:<strong>\u00a0<a href=\"https:\/\/kitnet.hu\/wp-content\/uploads\/2026\/02\/20250712_aszf_int__szolgbesorol-MGEV.pdf\" target=\"_blank\" rel=\"noopener\">Let\u00f6lt\u00e9s (pdf)<\/a><\/strong><\/h3>\n<\/li>\n<li>\n<h3>\u00c1ltal\u00e1nos Szerz\u0151d\u00e9si Felt\u00e9telek KITNET Kft. Hat\u00e1lyos 2024.12.01-t\u0151l:<strong>\u00a0<a href=\"https:\/\/kitnet.hu\/images\/20241201-KITNET-Internet-ASZF.pdf\" target=\"_blank\" rel=\"noopener\">Let\u00f6lt\u00e9s (pdf)<\/a><\/strong><\/h3>\n<\/li>\n<li>\n<h3>\u00c1ltal\u00e1nos Szerz\u0151d\u00e9si Felt\u00e9telek KITNET Kft. Hat\u00e1lyos 2022.11.01-t\u0151l:<strong>\u00a0<a href=\"https:\/\/kitnet.hu\/images\/20221101-KITNET-Internet-ASZF.pdf\" target=\"_blank\" rel=\"noopener\">Let\u00f6lt\u00e9s (pdf)<\/a><\/strong><\/h3>\n<\/li>\n<li>\n<h3>\u00c1ltal\u00e1nos Szerz\u0151d\u00e9si Felt\u00e9telek Macs\u00e1ri G\u00e1bor EV.. Hat\u00e1lyos 2022.11.01-t\u0151l:<strong>\u00a0<a href=\"https:\/\/kitnet.hu\/wp-content\/uploads\/2026\/02\/20221101-MGEV-Internet-ASZF.pdf\" target=\"_blank\" rel=\"noopener\">Let\u00f6lt\u00e9s (pdf)<\/a><\/strong><\/h3>\n<\/li>\n<li>\n<h3>\u00c1ltal\u00e1nos Szerz\u0151d\u00e9si Felt\u00e9telek KITNET Kft. Hat\u00e1lyos 2019.06.01-t\u0151l:<strong>\u00a0<a href=\"https:\/\/kitnet.hu\/wp-content\/uploads\/2026\/02\/20190601-ASZF-KITNET.pdf\" target=\"_blank\" rel=\"noopener\">Let\u00f6lt\u00e9s (pdf)<\/a><\/strong><\/h3>\n<\/li>\n<li>\n<h3>\u00c1ltal\u00e1nos Szerz\u0151d\u00e9si Felt\u00e9telek KITNET Kft. Hat\u00e1lyos 2017.11.01-t\u0151l:<strong>\u00a0<a href=\"https:\/\/kitnet.hu\/wp-content\/uploads\/2026\/02\/20171101-ASZF-KITNET.pdf\" target=\"_blank\" rel=\"noopener\">Let\u00f6lt\u00e9s (pdf)<\/a><\/strong><\/h3>\n<\/li>\n<li>\n<h3>\u00c1ltal\u00e1nos Szerz\u0151d\u00e9si Felt\u00e9telek Macs\u00e1ri G\u00e1bor EV.. Hat\u00e1lyos 2017.11.01-t\u0151l:<strong>\u00a0<a href=\"https:\/\/kitnet.hu\/wp-content\/uploads\/2026\/02\/20171101-ASZF-MG_EV.pdf\" target=\"_blank\" rel=\"noopener\">Let\u00f6lt\u00e9s (pdf)<\/a><\/strong><\/h3>\n<\/li>\n<li>\n<p>\u00c1ltal\u00e1nos Szerz\u0151d\u00e9si Felt\u00e9telek. Hat\u00e1lyos 2017.04.01-t\u0151l:\u00a0<a href=\"https:\/\/kitnet.hu\/wp-content\/uploads\/2026\/02\/20170401-ASZF-KITNET.pdf\" target=\"_blank\" rel=\"noopener\">Let\u00f6lt\u00e9s (pdf)<\/a><\/p>\n<\/li>\n<li>\n<p>\u00c1ltal\u00e1nos Szerz\u0151d\u00e9si Felt\u00e9telek. Hat\u00e1lyos 2017.01.01-t\u0151l:\u00a0<a href=\"https:\/\/kitnet.hu\/wp-content\/uploads\/2026\/02\/20170101-ASZF-KITNET.pdf\" target=\"_blank\" rel=\"noopener\">Let\u00f6lt\u00e9s (pdf)<\/a><\/p>\n<\/li>\n<li>\n<p>\u00c1ltal\u00e1nos Szerz\u0151d\u00e9si Felt\u00e9telek. Hat\u00e1lyos 2015.11.01-t\u0151l:\u00a0<a href=\"https:\/\/kitnet.hu\/images\/20151101_ASZF.pdf\" target=\"_blank\" rel=\"noopener\">Let\u00f6lt\u00e9s (pdf)<\/a><\/p>\n<\/li>\n<li>\n<p>\u00c1ltal\u00e1nos Szerz\u0151d\u00e9si Felt\u00e9telek. Hat\u00e1lyos 2014.11.01-t\u0151l:\u00a0<a href=\"https:\/\/kitnet.hu\/wp-content\/uploads\/2026\/02\/20141101_ASZF.pdf\" target=\"_blank\" rel=\"noopener\">Let\u00f6lt\u00e9s (pdf)<\/a><\/p>\n<\/li>\n<li>\n<p>\u00c1ltal\u00e1nos Szerz\u0151d\u00e9si Felt\u00e9telek. Hat\u00e1lyos 2014.01.01-t\u0151l:\u00a0<a href=\"https:\/\/kitnet.hu\/wp-content\/uploads\/2026\/02\/20140101-OrosComCsoport-Internet-ASZF-KitNet.pdf\" target=\"_blank\" rel=\"noopener\">Let\u00f6lt\u00e9s (pdf)<\/a><\/p>\n<\/li>\n<li>\n<p>\u00c1ltal\u00e1nos Szerz\u0151d\u00e9si Felt\u00e9telek. Hat\u00e1lyos 2013.09.01-t\u0151l:<strong>\u00a0<a href=\"https:\/\/kitnet.hu\/wp-content\/uploads\/2026\/02\/20130901-OrosComCsoport-Internet-ASZF-KitNet.pdf\" target=\"_blank\" rel=\"noopener\">Let\u00f6lt\u00e9s (pdf)<\/a><\/strong><\/p>\n<\/li>\n<\/ul>\n<ul>\n<li>\n<p>\u00c1ltal\u00e1nos Szerz\u0151d\u00e9si Felt\u00e9telek. Hat\u00e1lyos 2013.04.08-t\u0151l:<strong>\u00a0<a href=\"https:\/\/kitnet.hu\/wp-content\/uploads\/2026\/02\/20130408-KITNET-INTERNET-ASZF.pdf\" target=\"_blank\" rel=\"noopener\">Let\u00f6lt\u00e9s (pdf)<\/a><\/strong><\/p>\n<\/li>\n<\/ul>\n<ul>\n<li>\n<p>\u00c1ltal\u00e1nos Szerz\u0151d\u00e9si Felt\u00e9telek. Hat\u00e1lyos 2011.12.01-t\u0151l:<strong>\u00a0<a href=\"https:\/\/kitnet.hu\/wp-content\/uploads\/2026\/02\/20111201-KitNet-Internet-ASZF.pdf\" target=\"_blank\" rel=\"noopener\">Let\u00f6lt\u00e9s (pdf)<\/a><\/strong><\/p>\n<\/li>\n<li>\n<p>\u00c1ltal\u00e1nos Szerz\u0151d\u00e9si Felt\u00e9telek. Hat\u00e1lyos 2011.02.01-t\u0151l:<strong>\u00a0<a href=\"https:\/\/kitnet.hu\/wp-content\/uploads\/2026\/02\/20110201-aszf-kitnet.pdf\" target=\"_blank\" rel=\"noopener\">Let\u00f6lt\u00e9s (pdf)<\/a><\/strong><\/p>\n<\/li>\n<\/ul>\n<h3>\u00a0<\/h3>\n\t\t\n<style>\n#text-169696613 {\n  color: rgb(0,0,0);\n}\n#text-169696613 > * {\n  color: rgb(0,0,0);\n}\n<\/style>\n\t<\/div>\n\t\n\n\t\t<\/div>\n\t\t\t\t\t<\/div>\n\n\t\n\n<\/div>\n\n\t\t<\/div>\n\n\t\t\n<style>\n#section_1587407320 {\n  padding-top: 30px;\n  padding-bottom: 30px;\n}\n<\/style>\n\t<\/section>\n\t\n\n","protected":false},"excerpt":{"rendered":"","protected":false},"author":1,"featured_media":0,"parent":0,"menu_order":0,"comment_status":"closed","ping_status":"closed","template":"","meta":{"footnotes":""},"class_list":["post-104","page","type-page","status-publish","hentry"],"_links":{"self":[{"href":"https:\/\/kitnet.hu\/index.php?rest_route=\/wp\/v2\/pages\/104","targetHints":{"allow":["GET"]}}],"collection":[{"href":"https:\/\/kitnet.hu\/index.php?rest_route=\/wp\/v2\/pages"}],"about":[{"href":"https:\/\/kitnet.hu\/index.php?rest_route=\/wp\/v2\/types\/page"}],"author":[{"embeddable":true,"href":"https:\/\/kitnet.hu\/index.php?rest_route=\/wp\/v2\/users\/1"}],"replies":[{"embeddable":true,"href":"https:\/\/kitnet.hu\/index.php?rest_route=%2Fwp%2Fv2%2Fcomments&post=104"}],"version-history":[{"count":7,"href":"https:\/\/kitnet.hu\/index.php?rest_route=\/wp\/v2\/pages\/104\/revisions"}],"predecessor-version":[{"id":281,"href":"https:\/\/kitnet.hu\/index.php?rest_route=\/wp\/v2\/pages\/104\/revisions\/281"}],"wp:attachment":[{"href":"https:\/\/kitnet.hu\/index.php?rest_route=%2Fwp%2Fv2%2Fmedia&parent=104"}],"curies":[{"name":"wp","href":"https:\/\/api.w.org\/{rel}","templated":true}]}}