{"id":21,"date":"2026-02-12T19:25:41","date_gmt":"2026-02-12T18:25:41","guid":{"rendered":"http:\/\/kitnet.hu\/?page_id=21"},"modified":"2026-02-25T13:30:40","modified_gmt":"2026-02-25T12:30:40","slug":"internet","status":"publish","type":"page","link":"https:\/\/kitnet.hu\/?page_id=21","title":{"rendered":"Internet"},"content":{"rendered":"\n\n  <div class=\"banner has-hover\" id=\"banner-628508971\">\n          <div class=\"banner-inner fill\">\n        <div class=\"banner-bg fill\" >\n            <div class=\"bg fill bg-fill \"><\/div>\n                                    \n                    <\/div>\n\t\t\n        <div class=\"banner-layers container\">\n            <div class=\"fill banner-link\"><\/div>            \n\n   <div id=\"text-box-12700785\" class=\"text-box banner-layer x50 md-x50 lg-x50 y50 md-y50 lg-y50 res-text\">\n                                <div class=\"text-box-content text dark\">\n              \n              <div class=\"text-inner text-center\">\n                  \n\n<h2 class=\"uppercase\"><b>INTERNET<\/b><\/h2>\n\n              <\/div>\n           <\/div>\n                            \n<style>\n#text-box-12700785 {\n  width: 60%;\n}\n#text-box-12700785 .text-box-content {\n  font-size: 100%;\n}\n<\/style>\n    <\/div>\n \n\n        <\/div>\n      <\/div>\n\n            \n<style>\n#banner-628508971 {\n  padding-top: 699px;\n}\n<\/style>\n  <\/div>\n\n\n\t<section class=\"section\" id=\"section_731574041\">\n\t\t<div class=\"bg section-bg fill bg-fill  bg-loaded\" >\n\n\t\t\t\n\t\t\t\n\t\t\t\n\n\t\t<\/div>\n\n\t\t\n\n\t\t<div class=\"section-content relative\">\n\t\t\t\n\n<div class=\"row\"  id=\"row-237494585\">\n\n\n\t<div id=\"col-1604649695\" class=\"col small-12 large-12\"  >\n\t\t\t\t<div class=\"col-inner\"  >\n\t\t\t\n\t\t\t\n\n<div class=\"container section-title-container\" ><h3 class=\"section-title section-title-normal\"><b><\/b><span class=\"section-title-main\" style=\"font-size:113%;color:rgb(0, 0, 0);\">Internet szolg\u00e1ltat\u00e1sunk egyre t\u00f6bb helyen el\u00e9rhet\u0151 mikrohull\u00e1mon \u00e9s k\u00e1belen.<\/span><b><\/b><\/h3><\/div>\n\n\t<div id=\"text-2420091924\" class=\"text\">\n\t\t\n\n<p>Kiv\u00e1l\u00f3 min\u0151s\u00e9g\u0171, napi 8 \u00f3r\u00e1ban non-stop fel\u00fcgyelt, sz\u00e9less\u00e1v\u00fa internet h\u00e1l\u00f3zati hozz\u00e1f\u00e9r\u00e9si szolg\u00e1ltat\u00e1st ny\u00fajtunk. H\u00e1l\u00f3zatunk k\u00e1belTV rendszer\u0171, de n\u00e9h\u00e1ny helyen r\u00e9zvezet\u00e9kes, mikrohull\u00e1m\u00fa technol\u00f3gi\u00e1kat is alkalmazunk a legjobb min\u0151s\u00e9g, \u00e9s maxim\u00e1lis s\u00e1vsz\u00e9less\u00e9g biztos\u00edt\u00e1sa \u00e9rdek\u00e9ben.<\/p>\n\t\t\n<style>\n#text-2420091924 {\n  font-size: 0.95rem;\n  color: rgb(0,0,0);\n}\n#text-2420091924 > * {\n  color: rgb(0,0,0);\n}\n<\/style>\n\t<\/div>\n\t\n\n  <div class=\"banner has-hover\" id=\"banner-506077295\">\n          <div class=\"banner-inner fill\">\n        <div class=\"banner-bg fill\" >\n            <div class=\"bg fill bg-fill \"><\/div>\n                        <div class=\"overlay\"><\/div>            \n                    <\/div>\n\t\t\n        <div class=\"banner-layers container\">\n            <div class=\"fill banner-link\"><\/div>            \n\n\n        <\/div>\n      <\/div>\n\n            \n<style>\n#banner-506077295 {\n  padding-top: 172px;\n}\n#banner-506077295 .bg.bg-loaded {\n  background-image: url(https:\/\/kitnet.hu\/wp-content\/uploads\/2026\/02\/HowIsFiberOpticInternetInstalledOmniFiber.jpg);\n}\n#banner-506077295 .overlay {\n  background-color: rgba(0,0,0,.5);\n}\n@media (min-width:550px) {\n  #banner-506077295 {\n    padding-top: 355px;\n  }\n}\n<\/style>\n  <\/div>\n\n\n<div class=\"container section-title-container\" ><h3 class=\"section-title section-title-normal\"><b><\/b><span class=\"section-title-main\" style=\"font-size:113%;color:rgb(0, 0, 0);\">Min\u0151s\u00e9g \u00e9s fel\u00fcgyelet<\/span><b><\/b><\/h3><\/div>\n\n\t<div id=\"text-3695317244\" class=\"text\">\n\t\t\n\n<p>Naponta 8 \u00f3r\u00e1ban ellen\u0151rizz\u00fck a h\u00e1l\u00f3zatot. A heti 5 napon 8 \u00f3r\u00e1s hibaelh\u00e1r\u00edt\u00f3 szolg\u00e1ltat\u00e1sunk garancia arra, hogy minden \u00fcgyfel\u00fcnknek, \u00edgy \u00d6nnek is folyamatos internet el\u00e9r\u00e9se legyen otthon\u00e1ban, vagy irod\u00e1j\u00e1ban.<\/p>\n<h4><strong>A KitNet Kft. megb\u00edzhat\u00f3, kiv\u00e1l\u00f3 sz\u00ednvonal\u00fa szolg\u00e1ltat\u00e1st ny\u00fajt:<\/strong><\/h4>\n<ul>\n<li>Non-stop 24 \u00f3r\u00e1s \u00e1lland\u00f3 megb\u00edzhat\u00f3 internet kapcsolat,<\/li>\n<li>Garant\u00e1lt minim\u00e1lis s\u00e1vsz\u00e9less\u00e9g,<\/li>\n<li>Telefonos \u00fcgyf\u00e9lszolg\u00e1lat,<\/li>\n<li>Rugalmasan v\u00e1laszhat\u00f3 s\u00e1vsz\u00e9less\u00e9gek,<\/li>\n<li>Egyszer\u0171 fix havi d\u00edj, forgalmi d\u00edjak n\u00e9lk\u00fcl.<\/li>\n<\/ul>\n\t\t\n<style>\n#text-3695317244 {\n  font-size: 0.95rem;\n  color: rgb(0,0,0);\n}\n#text-3695317244 > * {\n  color: rgb(0,0,0);\n}\n<\/style>\n\t<\/div>\n\t\n\n\t\t<\/div>\n\t\t\t\t\t<\/div>\n\n\t\n\n<\/div>\n\n\t\t<\/div>\n\n\t\t\n<style>\n#section_731574041 {\n  padding-top: 30px;\n  padding-bottom: 30px;\n}\n<\/style>\n\t<\/section>\n\t\n\n","protected":false},"excerpt":{"rendered":"","protected":false},"author":1,"featured_media":0,"parent":0,"menu_order":0,"comment_status":"closed","ping_status":"closed","template":"page-transparent-header-light.php","meta":{"footnotes":""},"class_list":["post-21","page","type-page","status-publish","hentry"],"_links":{"self":[{"href":"https:\/\/kitnet.hu\/index.php?rest_route=\/wp\/v2\/pages\/21","targetHints":{"allow":["GET"]}}],"collection":[{"href":"https:\/\/kitnet.hu\/index.php?rest_route=\/wp\/v2\/pages"}],"about":[{"href":"https:\/\/kitnet.hu\/index.php?rest_route=\/wp\/v2\/types\/page"}],"author":[{"embeddable":true,"href":"https:\/\/kitnet.hu\/index.php?rest_route=\/wp\/v2\/users\/1"}],"replies":[{"embeddable":true,"href":"https:\/\/kitnet.hu\/index.php?rest_route=%2Fwp%2Fv2%2Fcomments&post=21"}],"version-history":[{"count":9,"href":"https:\/\/kitnet.hu\/index.php?rest_route=\/wp\/v2\/pages\/21\/revisions"}],"predecessor-version":[{"id":245,"href":"https:\/\/kitnet.hu\/index.php?rest_route=\/wp\/v2\/pages\/21\/revisions\/245"}],"wp:attachment":[{"href":"https:\/\/kitnet.hu\/index.php?rest_route=%2Fwp%2Fv2%2Fmedia&parent=21"}],"curies":[{"name":"wp","href":"https:\/\/api.w.org\/{rel}","templated":true}]}}