{"id":23,"date":"2026-02-12T19:26:13","date_gmt":"2026-02-12T18:26:13","guid":{"rendered":"http:\/\/kitnet.hu\/?page_id=23"},"modified":"2026-02-25T13:30:46","modified_gmt":"2026-02-25T12:30:46","slug":"kabeltv","status":"publish","type":"page","link":"https:\/\/kitnet.hu\/?page_id=23","title":{"rendered":"K\u00e1beltv"},"content":{"rendered":"\n\n  <div class=\"banner has-hover\" id=\"banner-617431766\">\n          <div class=\"banner-inner fill\">\n        <div class=\"banner-bg fill\" >\n            <div class=\"bg fill bg-fill \"><\/div>\n                                    \n                    <\/div>\n\t\t\n        <div class=\"banner-layers container\">\n            <div class=\"fill banner-link\"><\/div>            \n\n   <div id=\"text-box-8719323\" class=\"text-box banner-layer x50 md-x50 lg-x50 y50 md-y50 lg-y50 res-text\">\n                                <div class=\"text-box-content text dark\">\n              \n              <div class=\"text-inner text-center\">\n                  \n\n<h2 class=\"uppercase\"><b>k\u00e1beltv<\/b><\/h2>\n\n              <\/div>\n           <\/div>\n                            \n<style>\n#text-box-8719323 {\n  width: 60%;\n}\n#text-box-8719323 .text-box-content {\n  font-size: 100%;\n}\n<\/style>\n    <\/div>\n \n\n        <\/div>\n      <\/div>\n\n            \n<style>\n#banner-617431766 {\n  padding-top: 607px;\n}\n<\/style>\n  <\/div>\n\n\n\t<section class=\"section\" id=\"section_783953904\">\n\t\t<div class=\"bg section-bg fill bg-fill  bg-loaded\" >\n\n\t\t\t\n\t\t\t\n\t\t\t\n\n\t\t<\/div>\n\n\t\t\n\n\t\t<div class=\"section-content relative\">\n\t\t\t\n\n<div class=\"row\"  id=\"row-1980977203\">\n\n\n\t<div id=\"col-1960720646\" class=\"col small-12 large-12\"  >\n\t\t\t\t<div class=\"col-inner\"  >\n\t\t\t\n\t\t\t\n\n<div class=\"container section-title-container\" ><h2 class=\"section-title section-title-normal\"><b><\/b><span class=\"section-title-main\" style=\"color:rgb(0, 0, 0);\">T\u00f6bb mint 50 kiv\u00e1l\u00f3 TV csatorna! V\u00e1lasszon kedvenc csomagot!<\/span><b><\/b><\/h2><\/div>\n\n\t<div id=\"text-2887751005\" class=\"text\">\n\t\t\n\n<div align=\"justify\">A csomagban tal\u00e1lhat\u00f3 t\u00f6bb, mint 50 csatorna tartalmazza a legsz\u00e9lesebb \u00e9rdekl\u0151d\u00e9si ig\u00e9nyt is kiel\u00e9g\u00edt\u0151 tematikus programokat.<\/div>\n<div align=\"justify\">\u00a0<\/div>\n<h3 align=\"justify\">Anal\u00f3g k\u00e1belt\u00e9v\u00e9 szolg\u00e1ltat\u00e1sunk el\u0151nyei:<\/h3>\n<ul>\n<li>A legsz\u00e9lesebb anal\u00f3g csatornak\u00edn\u00e1lat.<\/li>\n<li>Belt\u00e9ri egys\u00e9g n\u00e9lk\u00fcl is foghat\u00f3.<\/li>\n<li>A szolg\u00e1ltat\u00e1s megoszthat\u00f3 egyszerre t\u00f6bb telev\u00edzi\u00f3k\u00e9sz\u00fcl\u00e9k k\u00f6z\u00f6tt is, \u00edgy azonos id\u0151ben k\u00fcl\u00f6nb\u00f6z\u0151 csatorn\u00e1kat n\u00e9zhet.<\/li>\n<li>A szolg\u00e1ltat\u00e1s min\u0151s\u00e9ge f\u00fcggetlen az id\u0151j\u00e1r\u00e1st\u00f3l \u00e9s a l\u00e9gk\u00f6ri viszonyokt\u00f3l.<\/li>\n<\/ul>\n<div align=\"justify\">\u00a0<\/div>\n<div align=\"justify\">\n<p>C\u00e9g\u00fcnk t\u00e9rs\u00e9gi szolg\u00e1ltat\u00f3. Az egyes telep\u00fcl\u00e9seken a m\u0171szaki lehet\u0151s\u00e9gekt\u0151l \u00e9s a h\u00e1l\u00f3zat jelleg\u00e9t\u0151l f\u00fcgg\u0151en elt\u00e9r\u0151 csomagokat illetve \u00e1rszab\u00e1st k\u00edn\u00e1lunk \u00fcgyfeleink r\u00e9sz\u00e9re. Amennyiben az \u00d6nre vonatkoz\u00f3 csomagok \u00e9rdeklik, akkor k\u00e9rj\u00fck emailen, telefonon vagy szem\u00e9lyesen vegye fel a kapcsolatot \u00fcgyf\u00e9lszolg\u00e1latunkkal.<\/p>\n<\/div>\n\t\t\n<style>\n#text-2887751005 {\n  font-size: 0.95rem;\n  color: rgb(0,0,0);\n}\n#text-2887751005 > * {\n  color: rgb(0,0,0);\n}\n<\/style>\n\t<\/div>\n\t\n\n  <div class=\"banner has-hover\" id=\"banner-1344727937\">\n          <div class=\"banner-inner fill\">\n        <div class=\"banner-bg fill\" >\n            <div class=\"bg fill bg-fill \"><\/div>\n                        <div class=\"overlay\"><\/div>            \n                    <\/div>\n\t\t\n        <div class=\"banner-layers container\">\n            <div class=\"fill banner-link\"><\/div>            \n\n\n        <\/div>\n      <\/div>\n\n            \n<style>\n#banner-1344727937 {\n  padding-top: 155px;\n}\n#banner-1344727937 .bg.bg-loaded {\n  background-image: url(https:\/\/kitnet.hu\/wp-content\/uploads\/2026\/02\/360_F_508876100_yXCWxWLZj4Xw4roFled3mjbj7utJFRGb.jpg);\n}\n#banner-1344727937 .overlay {\n  background-color: rgba(0,0,0,.5);\n}\n@media (min-width:550px) {\n  #banner-1344727937 {\n    padding-top: 330px;\n  }\n}\n<\/style>\n  <\/div>\n\n\n\n\t\t<\/div>\n\t\t\t\t\t<\/div>\n\n\t\n\n<\/div>\n\n\t\t<\/div>\n\n\t\t\n<style>\n#section_783953904 {\n  padding-top: 30px;\n  padding-bottom: 30px;\n}\n<\/style>\n\t<\/section>\n\t\n\n","protected":false},"excerpt":{"rendered":"","protected":false},"author":1,"featured_media":0,"parent":0,"menu_order":0,"comment_status":"closed","ping_status":"closed","template":"page-transparent-header-light.php","meta":{"footnotes":""},"class_list":["post-23","page","type-page","status-publish","hentry"],"_links":{"self":[{"href":"https:\/\/kitnet.hu\/index.php?rest_route=\/wp\/v2\/pages\/23","targetHints":{"allow":["GET"]}}],"collection":[{"href":"https:\/\/kitnet.hu\/index.php?rest_route=\/wp\/v2\/pages"}],"about":[{"href":"https:\/\/kitnet.hu\/index.php?rest_route=\/wp\/v2\/types\/page"}],"author":[{"embeddable":true,"href":"https:\/\/kitnet.hu\/index.php?rest_route=\/wp\/v2\/users\/1"}],"replies":[{"embeddable":true,"href":"https:\/\/kitnet.hu\/index.php?rest_route=%2Fwp%2Fv2%2Fcomments&post=23"}],"version-history":[{"count":5,"href":"https:\/\/kitnet.hu\/index.php?rest_route=\/wp\/v2\/pages\/23\/revisions"}],"predecessor-version":[{"id":250,"href":"https:\/\/kitnet.hu\/index.php?rest_route=\/wp\/v2\/pages\/23\/revisions\/250"}],"wp:attachment":[{"href":"https:\/\/kitnet.hu\/index.php?rest_route=%2Fwp%2Fv2%2Fmedia&parent=23"}],"curies":[{"name":"wp","href":"https:\/\/api.w.org\/{rel}","templated":true}]}}