{"id":25,"date":"2026-02-12T19:26:31","date_gmt":"2026-02-12T18:26:31","guid":{"rendered":"http:\/\/kitnet.hu\/?page_id=25"},"modified":"2026-02-22T20:32:39","modified_gmt":"2026-02-22T19:32:39","slug":"gyermekvedelem","status":"publish","type":"page","link":"https:\/\/kitnet.hu\/?page_id=25","title":{"rendered":"Gyermekv\u00e9delem"},"content":{"rendered":"\n\n  <div class=\"banner has-hover\" id=\"banner-628665716\">\n          <div class=\"banner-inner fill\">\n        <div class=\"banner-bg fill\" >\n            <div class=\"bg fill bg-fill \"><\/div>\n                                    \n                    <\/div>\n\t\t\n        <div class=\"banner-layers container\">\n            <div class=\"fill banner-link\"><\/div>            \n\n   <div id=\"text-box-690922522\" class=\"text-box banner-layer x50 md-x50 lg-x50 y50 md-y50 lg-y50 res-text\">\n                                <div class=\"text-box-content text dark\">\n              \n              <div class=\"text-inner text-center\">\n                  \n\n<h2 class=\"uppercase\"><b>GYERMEKV\u00c9DELEM<\/b><\/h2>\n\n              <\/div>\n           <\/div>\n                            \n<style>\n#text-box-690922522 {\n  width: 60%;\n}\n#text-box-690922522 .text-box-content {\n  font-size: 100%;\n}\n<\/style>\n    <\/div>\n \n\n        <\/div>\n      <\/div>\n\n            \n<style>\n#banner-628665716 {\n  padding-top: 638px;\n}\n<\/style>\n  <\/div>\n\n\n\t<section class=\"section\" id=\"section_1405837089\">\n\t\t<div class=\"bg section-bg fill bg-fill  bg-loaded\" >\n\n\t\t\t\n\t\t\t\n\t\t\t\n\n\t\t<\/div>\n\n\t\t\n\n\t\t<div class=\"section-content relative\">\n\t\t\t\n\n<div class=\"row\"  id=\"row-160526853\">\n\n\n\t<div id=\"col-1373482592\" class=\"col small-12 large-12\"  >\n\t\t\t\t<div class=\"col-inner\"  >\n\t\t\t\n\t\t\t\n\n<div class=\"container section-title-container\" ><h2 class=\"section-title section-title-normal\"><b><\/b><span class=\"section-title-main\" style=\"color:rgb(0, 0, 0);\">V\u00e9dje meg gyermek\u00e9t!<\/span><b><\/b><\/h2><\/div>\n\n\t<div id=\"text-1254798450\" class=\"text\">\n\t\t\n\n<div>\n<p class=\"bold\">A legfontosabb megel\u0151zni, hogy gyermekeink<\/p>\n<ul>\n<li class=\"bigger pipa\">az interneten porn\u00f3t n\u00e9zzenek<\/li>\n<li class=\"bigger pipa\">gyermekei\u00a0<b>biztons\u00e1gos<\/b>\u00a0internetez\u00e9s\u00e9t seg\u00edti.<\/li>\n<li class=\"bigger pipa\">kih\u00edv\u00f3 vagy priv\u00e1t csal\u00e1di fot\u00f3t t\u00f6ltsenek fel az internetre<\/li>\n<li class=\"bigger pipa\">b\u0171n\u00f6z\u0151k kihaszn\u00e1lj\u00e1k hisz\u00e9kenys\u00e9g\u00fcket, randira csalj\u00e1k \u0151ket<\/li>\n<li class=\"bigger pipa\">vagy eg\u00e9sz nap a g\u00e9p el\u0151tt \u00fcljenek<\/li>\n<\/ul>\n<\/div>\n<p>Els\u0151sorban a h\u00edrk\u00f6zl\u00e9si, az internet-hozz\u00e1f\u00e9r\u00e9st ny\u00fajt\u00f3 \u00e9s a tartalomszolg\u00e1ltat\u00f3k sz\u00e1m\u00e1ra szolg\u00e1l ir\u00e1nymutat\u00e1sul az az aj\u00e1nl\u00e1s, amelyet a Gyermekv\u00e9delmi Internet-kerekasztal fogadott el.<\/p>\n<p>A k\u00f6telez\u0151 er\u0151vel nem b\u00edr\u00f3 dokumentum t\u00f6bbek k\u00f6z\u00f6tt \u00f6szt\u00f6nzi, hogy a sz\u0171r\u0151szoftverek rendelkezzenek el\u0151re kiv\u00e1laszthat\u00f3 \u00e9letkori profillehet\u0151s\u00e9gekkel, de legyen lehet\u0151s\u00e9g az egyedi be\u00e1ll\u00edt\u00e1sokra \u00e9s a napl\u00f3z\u00e1sra is.<\/p>\n<div id=\"stcpDiv\">\n<p>elfogadott dokumentum lesz\u00f6gezi, hogy nemcsak a szolg\u00e1ltat\u00f3k akt\u00edv szerepv\u00e1llal\u00e1sa fontos h\u00edrk\u00f6zl\u00e9si, az internetes \u00e9s a tartalomszolg\u00e1ltat\u00e1si piacon, hanem a sz\u00fcl\u0151k, gondvisel\u0151k t\u00e1j\u00e9koztat\u00e1sa, ezen fel\u00fcl pedig lehet\u0151s\u00e9g szerint a gyermekek m\u00e9diatudatoss\u00e1g\u00e1nak fejleszt\u00e9se is. Az aj\u00e1nl\u00e1s sz\u0171r\u0151szoftverekkel kapcsolatos javaslatai k\u00f6z\u00e9 tartozik, hogy a programok magyar nyelven, ingyenesen legyenek hozz\u00e1f\u00e9rhet\u0151ek, hogy azok a kulcsszavak, a tartalomkateg\u00f3ri\u00e1k szerinti sz\u0171r\u00e9seket t\u00f6bbnyelv\u0171 sz\u00f3t\u00e1rak seg\u00edts\u00e9g\u00e9vel v\u00e9gezz\u00e9k el, \u00e9s a k\u00f6z\u00f6ss\u00e9gi oldalakon tapasztalhat\u00f3 vissza\u00e9l\u00e9sek elker\u00fcl\u00e9se \u00e9rdek\u00e9ben legyen lehet\u0151s\u00e9g a szem\u00e9lyes adatok megad\u00e1s\u00e1nak korl\u00e1toz\u00e1s\u00e1ra is.<\/p>\n<p>Az aj\u00e1nl\u00e1s szerint a sz\u00fcl\u0151, a gondvisel\u0151 a gyermekv\u00e9delmi sz\u0171r\u0151szoftverekben el\u0151re be\u00e1ll\u00edtott, p\u00e9ld\u00e1ul \u00e9letkor szerint megk\u00fcl\u00f6nb\u00f6ztetett profilokb\u00f3l v\u00e1laszthat, \u00edgy a kezel\u00e9sben kev\u00e9sb\u00e9 j\u00e1rtas feln\u0151ttek is egyszer\u0171en haszn\u00e1lhatj\u00e1k azt. Lehet\u0151s\u00e9g ny\u00edlik a finomhangol\u00e1sra, a kulcsszavak, a letiltott vagy enged\u00e9lyezett oldalak, a napi haszn\u00e1lati id\u0151 b\u0151v\u00edt\u00e9s\u00e9re, sz\u0171k\u00edt\u00e9s\u00e9re, testre szab\u00e1s\u00e1ra is. Az aj\u00e1nl\u00e1s ki\u00e1ll amellett, hogy legyen lehet\u0151s\u00e9g a napl\u00f3z\u00e1sra, azaz a fel\u00fcgyelt gyermek \u00e1ltal l\u00e1togatott honlapok list\u00e1z\u00e1s\u00e1ra is, \u00e9s ha a kiskor\u00fa megs\u00e9rti a sz\u0171r\u0151be\u00e1ll\u00edt\u00e1sokat, a szoftver automatikusan \u00e9rtes\u00edtheti err\u0151l a sz\u00fcl\u0151t egy el\u0151re megadott e-mailben.<\/p>\n<p>A k\u00e1ros internetes tartalmak eset\u00e9n alkalmazand\u00f3 figyelemfelh\u00edv\u00e1sokra vonatkoz\u00f3an az aj\u00e1nl\u00e1s javasolja, hogy a tartalomszolg\u00e1ltat\u00f3 a vesz\u00e9lyes tartalom megjelen\u00edt\u00e9se el\u0151tt ellen\u0151rizze a felhaszn\u00e1l\u00f3 \u00e9letkor\u00e1t, \u00e9s j\u00f3l l\u00e1that\u00f3 m\u00f3don \u00e9s sz\u00f6veggel utaljon arra, hogy a sz\u00f3ban forg\u00f3 tartalom k\u00e1ros a kiskor\u00faakra.\u00a0<a href=\"http:\/\/nmhh.hu\/dokumentum\/162986\/szuroszoftver_ajanlas.pdf\">Az aj\u00e1nl\u00e1s erre k\u00e9sz sz\u00f6vegjavaslatot is tartalmaz<\/a>.<\/p>\n<p>A dokumentum jogi k\u00f6t\u0151er\u0151vel nem rendelkezik, a szolg\u00e1ltat\u00f3k \u00f6nk\u00e9ntes egy\u00fcttm\u0171k\u00f6d\u00e9s\u00e9re \u00e9p\u00edt. Az Gyermekv\u00e9delmi Internet-kerekasztal a fiatal nemzed\u00e9kek lehet\u0151 leghat\u00e9konyabb v\u00e9delme \u00e9s az \u00e9rdekeltek folyamatos t\u00e1j\u00e9koztat\u00e1sa \u00e9rdek\u00e9ben elk\u00f6telezett az \u00e1ll\u00e1sfoglal\u00e1sainak folyamatos fejleszt\u00e9se mellett, ez\u00e9rt legal\u00e1bb \u00e9vente fel\u00fclvizsg\u00e1lja majd aj\u00e1nl\u00e1s\u00e1t.<\/p>\n<p>A kerekasztalt az NMHH eln\u00f6ke, Karas Monika hozta l\u00e9tre az elektronikus kereskedelmi szolg\u00e1ltat\u00e1sok, valamint az inform\u00e1ci\u00f3s t\u00e1rsadalommal \u00f6sszef\u00fcgg\u0151 szolg\u00e1ltat\u00e1sok egyes k\u00e9rd\u00e9seir\u0151l sz\u00f3l\u00f3 2001. \u00e9vi CVIII. t\u00f6rv\u00e9ny 4\/B. pontj\u00e1nak felhatalmaz\u00e1sa alapj\u00e1n. A tan\u00e1csad\u00f3 test\u00fclet c\u00e9lja, hogy \u00f6szt\u00f6n\u00f6zze a kiskor\u00faak v\u00e9delm\u00e9t a vil\u00e1gh\u00e1l\u00f3n, \u00e9s egy\u00fattal szakmai t\u00e1mogat\u00e1st ny\u00fajtson az NMHH eln\u00f6k\u00e9nek munk\u00e1j\u00e1hoz is.<\/p>\n<h3><strong><a href=\"http:\/\/nmhh.hu\/cikk\/162987\/Milyen_a_jo_szuroszoftver#sthash.ocAElvke.dpufc\">Tov\u00e1bbi inform\u00e1ci\u00f3k:<\/a>\u00a0<\/strong><\/h3>\n<\/div>\n<div id=\"stcpDiv\">\n<p>elfogadott dokumentum lesz\u00f6gezi, hogy nemcsak a szolg\u00e1ltat\u00f3k akt\u00edv szerepv\u00e1llal\u00e1sa fontos h\u00edrk\u00f6zl\u00e9si, az internetes \u00e9s a tartalomszolg\u00e1ltat\u00e1si piacon, hanem a sz\u00fcl\u0151k, gondvisel\u0151k t\u00e1j\u00e9koztat\u00e1sa, ezen fel\u00fcl pedig lehet\u0151s\u00e9g szerint a gyermekek m\u00e9diatudatoss\u00e1g\u00e1nak fejleszt\u00e9se is. Az aj\u00e1nl\u00e1s sz\u0171r\u0151szoftverekkel kapcsolatos javaslatai k\u00f6z\u00e9 tartozik, hogy a programok magyar nyelven, ingyenesen legyenek hozz\u00e1f\u00e9rhet\u0151ek, hogy azok a kulcsszavak, a tartalomkateg\u00f3ri\u00e1k szerinti sz\u0171r\u00e9seket t\u00f6bbnyelv\u0171 sz\u00f3t\u00e1rak seg\u00edts\u00e9g\u00e9vel v\u00e9gezz\u00e9k el, \u00e9s a k\u00f6z\u00f6ss\u00e9gi oldalakon tapasztalhat\u00f3 vissza\u00e9l\u00e9sek elker\u00fcl\u00e9se \u00e9rdek\u00e9ben legyen lehet\u0151s\u00e9g a szem\u00e9lyes adatok megad\u00e1s\u00e1nak korl\u00e1toz\u00e1s\u00e1ra is.<\/p>\n<p>Az aj\u00e1nl\u00e1s szerint a sz\u00fcl\u0151, a gondvisel\u0151 a gyermekv\u00e9delmi sz\u0171r\u0151szoftverekben el\u0151re be\u00e1ll\u00edtott, p\u00e9ld\u00e1ul \u00e9letkor szerint megk\u00fcl\u00f6nb\u00f6ztetett profilokb\u00f3l v\u00e1laszthat, \u00edgy a kezel\u00e9sben kev\u00e9sb\u00e9 j\u00e1rtas feln\u0151ttek is egyszer\u0171en haszn\u00e1lhatj\u00e1k azt. Lehet\u0151s\u00e9g ny\u00edlik a finomhangol\u00e1sra, a kulcsszavak, a letiltott vagy enged\u00e9lyezett oldalak, a napi haszn\u00e1lati id\u0151 b\u0151v\u00edt\u00e9s\u00e9re, sz\u0171k\u00edt\u00e9s\u00e9re, testre szab\u00e1s\u00e1ra is. Az aj\u00e1nl\u00e1s ki\u00e1ll amellett, hogy legyen lehet\u0151s\u00e9g a napl\u00f3z\u00e1sra, azaz a fel\u00fcgyelt gyermek \u00e1ltal l\u00e1togatott honlapok list\u00e1z\u00e1s\u00e1ra is, \u00e9s ha a kiskor\u00fa megs\u00e9rti a sz\u0171r\u0151be\u00e1ll\u00edt\u00e1sokat, a szoftver automatikusan \u00e9rtes\u00edtheti err\u0151l a sz\u00fcl\u0151t egy el\u0151re megadott e-mailben.<\/p>\n<p>A k\u00e1ros internetes tartalmak eset\u00e9n alkalmazand\u00f3 figyelemfelh\u00edv\u00e1sokra vonatkoz\u00f3an az aj\u00e1nl\u00e1s javasolja, hogy a tartalomszolg\u00e1ltat\u00f3 a vesz\u00e9lyes tartalom megjelen\u00edt\u00e9se el\u0151tt ellen\u0151rizze a felhaszn\u00e1l\u00f3 \u00e9letkor\u00e1t, \u00e9s j\u00f3l l\u00e1that\u00f3 m\u00f3don \u00e9s sz\u00f6veggel utaljon arra, hogy a sz\u00f3ban forg\u00f3 tartalom k\u00e1ros a kiskor\u00faakra.\u00a0<a href=\"http:\/\/nmhh.hu\/dokumentum\/162986\/szuroszoftver_ajanlas.pdf\">Az aj\u00e1nl\u00e1s erre k\u00e9sz sz\u00f6vegjavaslatot is tartalmaz<\/a>.<\/p>\n<p>A dokumentum jogi k\u00f6t\u0151er\u0151vel nem rendelkezik, a szolg\u00e1ltat\u00f3k \u00f6nk\u00e9ntes egy\u00fcttm\u0171k\u00f6d\u00e9s\u00e9re \u00e9p\u00edt. Az Gyermekv\u00e9delmi Internet-kerekasztal a fiatal nemzed\u00e9kek lehet\u0151 leghat\u00e9konyabb v\u00e9delme \u00e9s az \u00e9rdekeltek folyamatos t\u00e1j\u00e9koztat\u00e1sa \u00e9rdek\u00e9ben elk\u00f6telezett az \u00e1ll\u00e1sfoglal\u00e1sainak folyamatos fejleszt\u00e9se mellett, ez\u00e9rt legal\u00e1bb \u00e9vente fel\u00fclvizsg\u00e1lja majd aj\u00e1nl\u00e1s\u00e1t.<\/p>\n<p>A kerekasztalt az NMHH eln\u00f6ke, Karas Monika hozta l\u00e9tre az elektronikus kereskedelmi szolg\u00e1ltat\u00e1sok, valamint az inform\u00e1ci\u00f3s t\u00e1rsadalommal \u00f6sszef\u00fcgg\u0151 szolg\u00e1ltat\u00e1sok egyes k\u00e9rd\u00e9seir\u0151l sz\u00f3l\u00f3 2001. \u00e9vi CVIII. t\u00f6rv\u00e9ny 4\/B. pontj\u00e1nak felhatalmaz\u00e1sa alapj\u00e1n. A tan\u00e1csad\u00f3 test\u00fclet c\u00e9lja, hogy \u00f6szt\u00f6n\u00f6zze a kiskor\u00faak v\u00e9delm\u00e9t a vil\u00e1gh\u00e1l\u00f3n, \u00e9s egy\u00fattal szakmai t\u00e1mogat\u00e1st ny\u00fajtson az NMHH eln\u00f6k\u00e9nek munk\u00e1j\u00e1hoz is.<\/p>\n<h3><strong><a href=\"http:\/\/nmhh.hu\/cikk\/162987\/Milyen_a_jo_szuroszoftver#sthash.ocAElvke.dpuf\">Tov\u00e1bbi inform\u00e1ci\u00f3k:<\/a>\u00a0<\/strong><\/h3>\n<\/div>\n<p>Az elfogadott dokumentum lesz\u00f6gezi, hogy nemcsak a szolg\u00e1ltat\u00f3k akt\u00edv szerepv\u00e1llal\u00e1sa fontos h\u00edrk\u00f6zl\u00e9si, az internetes \u00e9s a tartalomszolg\u00e1ltat\u00e1si piacon, hanem a sz\u00fcl\u0151k, gondvisel\u0151k t\u00e1j\u00e9koztat\u00e1sa, ezen fel\u00fcl pedig lehet\u0151s\u00e9g szerint a gyermekek m\u00e9diatudatoss\u00e1g\u00e1nak fejleszt\u00e9se is. Az aj\u00e1nl\u00e1s sz\u0171r\u0151szoftverekkel kapcsolatos javaslatai k\u00f6z\u00e9 tartozik, hogy a programok magyar nyelven, ingyenesen legyenek hozz\u00e1f\u00e9rhet\u0151ek, hogy azok a kulcsszavak, a tartalomkateg\u00f3ri\u00e1k szerinti sz\u0171r\u00e9seket t\u00f6bbnyelv\u0171 sz\u00f3t\u00e1rak seg\u00edts\u00e9g\u00e9vel v\u00e9gezz\u00e9k el, \u00e9s a k\u00f6z\u00f6ss\u00e9gi oldalakon tapasztalhat\u00f3 vissza\u00e9l\u00e9sek elker\u00fcl\u00e9se \u00e9rdek\u00e9ben legyen lehet\u0151s\u00e9g a szem\u00e9lyes adatok megad\u00e1s\u00e1nak korl\u00e1toz\u00e1s\u00e1ra is.<\/p>\n<p>Az aj\u00e1nl\u00e1s szerint a sz\u00fcl\u0151, a gondvisel\u0151 a gyermekv\u00e9delmi sz\u0171r\u0151szoftverekben el\u0151re be\u00e1ll\u00edtott, p\u00e9ld\u00e1ul \u00e9letkor szerint megk\u00fcl\u00f6nb\u00f6ztetett profilokb\u00f3l v\u00e1laszthat, \u00edgy a kezel\u00e9sben kev\u00e9sb\u00e9 j\u00e1rtas feln\u0151ttek is egyszer\u0171en haszn\u00e1lhatj\u00e1k azt. Lehet\u0151s\u00e9g ny\u00edlik a finomhangol\u00e1sra, a kulcsszavak, a letiltott vagy enged\u00e9lyezett oldalak, a napi haszn\u00e1lati id\u0151 b\u0151v\u00edt\u00e9s\u00e9re, sz\u0171k\u00edt\u00e9s\u00e9re, testre szab\u00e1s\u00e1ra is. Az aj\u00e1nl\u00e1s ki\u00e1ll amellett, hogy legyen lehet\u0151s\u00e9g a napl\u00f3z\u00e1sra, azaz a fel\u00fcgyelt gyermek \u00e1ltal l\u00e1togatott honlapok list\u00e1z\u00e1s\u00e1ra is, \u00e9s ha a kiskor\u00fa megs\u00e9rti a sz\u0171r\u0151be\u00e1ll\u00edt\u00e1sokat, a szoftver automatikusan \u00e9rtes\u00edtheti err\u0151l a sz\u00fcl\u0151t egy el\u0151re megadott e-mailben.<\/p>\n<p>A k\u00e1ros internetes tartalmak eset\u00e9n alkalmazand\u00f3 figyelemfelh\u00edv\u00e1sokra vonatkoz\u00f3an az aj\u00e1nl\u00e1s javasolja, hogy a tartalomszolg\u00e1ltat\u00f3 a vesz\u00e9lyes tartalom megjelen\u00edt\u00e9se el\u0151tt ellen\u0151rizze a felhaszn\u00e1l\u00f3 \u00e9letkor\u00e1t, \u00e9s j\u00f3l l\u00e1that\u00f3 m\u00f3don \u00e9s sz\u00f6veggel utaljon arra, hogy a sz\u00f3ban forg\u00f3 tartalom k\u00e1ros a kiskor\u00faakra.\u00a0<a href=\"http:\/\/nmhh.hu\/dokumentum\/162986\/szuroszoftver_ajanlas.pdf\">Az aj\u00e1nl\u00e1s erre k\u00e9sz sz\u00f6vegjavaslatot is tartalmaz<\/a>.<\/p>\n<p>A dokumentum jogi k\u00f6t\u0151er\u0151vel nem rendelkezik, a szolg\u00e1ltat\u00f3k \u00f6nk\u00e9ntes egy\u00fcttm\u0171k\u00f6d\u00e9s\u00e9re \u00e9p\u00edt. Az Gyermekv\u00e9delmi Internet-kerekasztal a fiatal nemzed\u00e9kek lehet\u0151 leghat\u00e9konyabb v\u00e9delme \u00e9s az \u00e9rdekeltek folyamatos t\u00e1j\u00e9koztat\u00e1sa \u00e9rdek\u00e9ben elk\u00f6telezett az \u00e1ll\u00e1sfoglal\u00e1sainak folyamatos fejleszt\u00e9se mellett, ez\u00e9rt legal\u00e1bb \u00e9vente fel\u00fclvizsg\u00e1lja majd aj\u00e1nl\u00e1s\u00e1t.<\/p>\n<p>A kerekasztal el\u0151zetes vizsg\u00e1latai alapj\u00e1n t\u00f6bb sz\u0171r\u0151szoftver megold\u00e1s is eleget tesz az EHT. 149\/A \u00a7 (1) bekezd\u00e9s\u00e9ben megfogalmazott elv\u00e1r\u00e1soknak.\u00a0\u00a0<\/p>\n<p><strong>Ingyenes sz\u0171r\u0151szoftverek, \u00e9s telep\u00edt\u00e9si seg\u00e9dleteik:<\/strong><\/p>\n<div><a href=\"https:\/\/families.google.com\/familylink\/\">https:\/\/families.google.com\/familylink\/<\/a><\/div>\n<div><a href=\"https:\/\/www.youtube.com\/watch?v=0cELN_z9e7c\">https:\/\/www.youtube.com\/watch?v=0cELN_z9e7c<\/a><\/div>\n<div>\u00a0<\/div>\n<div><a href=\"https:\/\/www.microsoft.com\/hu-hu\/microsoft-365\/family-safety\">https:\/\/www.microsoft.com\/hu-hu\/microsoft-365\/family-safety<\/a><\/div>\n<div><a href=\"https:\/\/www.youtube.com\/watch?v=y2XDWEIFLQs\">https:\/\/www.youtube.com\/watch?v=y2XDWEIFLQs<\/a><\/div>\n<p><strong>Nem ingyenes sz\u0171r\u0151szoftverek<\/strong><\/p>\n<p>Norton Family sz\u0171r\u0151szoftver el\u00e9rhet\u0151s\u00e9ge:\u00a0<a href=\"https:\/\/onlinefamily.norton.com\/familysafety\/loginStart.fs\" target=\"_blank\" rel=\"noopener\">https:\/\/onlinefamily.norton.com\/familysafety\/loginStart.fs<\/a><\/p>\n<p><a href=\"https:\/\/onlinefamily.norton.com\/familysafety\/loginStart.fs?inid=hu_2010June_NOF&amp;ULang=hun\" target=\"_blank\" rel=\"noopener\">https:\/\/onlinefamily.norton.<wbr \/>com\/familysafety\/loginStart.<wbr \/>fs?inid=hu_2010June_NOF&amp;ULang=<wbr \/>hun<\/a>\u00a0,<\/p>\n<p>A telep\u00edt\u00e9st \u00e9s tov\u00e1bbi be\u00e1ll\u00edt\u00e1sokat bemutat\u00f3 vide\u00f3 el\u00e9rhet\u0151s\u00e9ge:<\/p>\n<p><a href=\"https:\/\/www.youtube.com\/watch?v=xs_X3ZUsQ8Q\" target=\"_blank\" rel=\"noopener\">https:\/\/www.youtube.com\/watch?<wbr \/>v=xs_X3ZUsQ8Q<\/a>\u00a0<\/p>\n<p>Dolphin Knight sz\u0171szoftver el\u00e9rhet\u0151s\u00e9ge:\u00a0<a href=\"http:\/\/dolphinknight.com\/hu\/\" target=\"_blank\" rel=\"noopener\">http:\/\/dolphinknight.com\/hu\/<\/a><\/p>\n\t\t\n<style>\n#text-1254798450 {\n  font-size: 0.9rem;\n  color: rgb(0,0,0);\n}\n#text-1254798450 > * {\n  color: rgb(0,0,0);\n}\n<\/style>\n\t<\/div>\n\t\n\n\t\t<\/div>\n\t\t\t\t\t<\/div>\n\n\t\n\n<\/div>\n\n\t\t<\/div>\n\n\t\t\n<style>\n#section_1405837089 {\n  padding-top: 30px;\n  padding-bottom: 30px;\n}\n<\/style>\n\t<\/section>\n\t\n\n","protected":false},"excerpt":{"rendered":"","protected":false},"author":1,"featured_media":0,"parent":0,"menu_order":0,"comment_status":"closed","ping_status":"closed","template":"page-transparent-header-light.php","meta":{"footnotes":""},"class_list":["post-25","page","type-page","status-publish","hentry"],"_links":{"self":[{"href":"https:\/\/kitnet.hu\/index.php?rest_route=\/wp\/v2\/pages\/25","targetHints":{"allow":["GET"]}}],"collection":[{"href":"https:\/\/kitnet.hu\/index.php?rest_route=\/wp\/v2\/pages"}],"about":[{"href":"https:\/\/kitnet.hu\/index.php?rest_route=\/wp\/v2\/types\/page"}],"author":[{"embeddable":true,"href":"https:\/\/kitnet.hu\/index.php?rest_route=\/wp\/v2\/users\/1"}],"replies":[{"embeddable":true,"href":"https:\/\/kitnet.hu\/index.php?rest_route=%2Fwp%2Fv2%2Fcomments&post=25"}],"version-history":[{"count":12,"href":"https:\/\/kitnet.hu\/index.php?rest_route=\/wp\/v2\/pages\/25\/revisions"}],"predecessor-version":[{"id":243,"href":"https:\/\/kitnet.hu\/index.php?rest_route=\/wp\/v2\/pages\/25\/revisions\/243"}],"wp:attachment":[{"href":"https:\/\/kitnet.hu\/index.php?rest_route=%2Fwp%2Fv2%2Fmedia&parent=25"}],"curies":[{"name":"wp","href":"https:\/\/api.w.org\/{rel}","templated":true}]}}