{"id":29,"date":"2026-02-12T19:27:06","date_gmt":"2026-02-12T18:27:06","guid":{"rendered":"http:\/\/kitnet.hu\/?page_id=29"},"modified":"2026-03-04T15:05:22","modified_gmt":"2026-03-04T14:05:22","slug":"palyazat","status":"publish","type":"page","link":"https:\/\/kitnet.hu\/?page_id=29","title":{"rendered":"P\u00e1ly\u00e1zat"},"content":{"rendered":"\n\t<section class=\"section\" id=\"section_898874905\">\n\t\t<div class=\"bg section-bg fill bg-fill  bg-loaded\" >\n\n\t\t\t\n\t\t\t\n\t\t\t\n\n\t\t<\/div>\n\n\t\t\n\n\t\t<div class=\"section-content relative\">\n\t\t\t\n\n<div class=\"row\"  id=\"row-823230391\">\n\n\n\t<div id=\"col-1751366935\" class=\"col small-12 large-12\"  >\n\t\t\t\t<div class=\"col-inner\"  >\n\t\t\t\n\t\t\t\n\n<div class=\"container section-title-container\" ><h3 class=\"section-title section-title-normal\"><b><\/b><span class=\"section-title-main\" style=\"color:rgb(0, 0, 0);\">DIMOP_PLUSZ-3.1.2-25 - Gigabit Magyarorsz\u00e1g Program<\/span><b><\/b><\/h3><\/div>\n\n\t<div id=\"text-3413662149\" class=\"text\">\n\t\t\n\n<p class=\"section-title section-title-center\"><span class=\"section-title-main\">A projekt az Eur\u00f3pai Uni\u00f3 t\u00e1mogat\u00e1s\u00e1val, a magyar \u00e1llam t\u00e1rsfinansz\u00edroz\u00e1s\u00e1val val\u00f3sult meg.<\/span><\/p>\n\t\t\n<style>\n#text-3413662149 {\n  color: rgb(0,0,0);\n}\n#text-3413662149 > * {\n  color: rgb(0,0,0);\n}\n<\/style>\n\t<\/div>\n\t\n\t<div id=\"text-2019932897\" class=\"text\">\n\t\t\n\n<p><img loading=\"lazy\" decoding=\"async\" class=\"alignnone wp-image-172 size-full\" src=\"https:\/\/kitnet.hu\/wp-content\/uploads\/2026\/02\/szechenyi-infoblokk.jpg\" alt=\"\" width=\"1441\" height=\"373\" srcset=\"https:\/\/kitnet.hu\/wp-content\/uploads\/2026\/02\/szechenyi-infoblokk.jpg 1441w, https:\/\/kitnet.hu\/wp-content\/uploads\/2026\/02\/szechenyi-infoblokk-300x78.jpg 300w, https:\/\/kitnet.hu\/wp-content\/uploads\/2026\/02\/szechenyi-infoblokk-1024x265.jpg 1024w, https:\/\/kitnet.hu\/wp-content\/uploads\/2026\/02\/szechenyi-infoblokk-768x199.jpg 768w\" sizes=\"auto, (max-width: 1441px) 100vw, 1441px\" \/><\/p>\n<p><strong>Projekt azonos\u00edt\u00f3sz\u00e1ma: <\/strong>DIMOP_PLUSZ-3.1.2-25-2025-00104<\/p>\n<p><strong>Projekt c\u00edme: <\/strong>Gigabit Magyarorsz\u00e1g Program_Szeghalmi_j\u00e1r\u00e1s<\/p>\n<p><strong>Kedvezm\u00e9nyezett neve:<\/strong> KITNET Kereskedelmi \u00e9s Szolg\u00e1ltat\u00f3 Korl\u00e1tolt Felel\u0151ss\u00e9g\u0171 T\u00e1rsas\u00e1g<\/p>\n<p><strong>P\u00e1ly\u00e1zati felh\u00edv\u00e1s azonos\u00edt\u00f3ja \u00e9s neve: <\/strong>DIMOP_PLUSZ-3.1.2-25 &#8211; Gigabit Magyarorsz\u00e1g Program<\/p>\n<p><strong>Fejleszt\u00e9s t\u00e1rgya: <\/strong>Nagyon nagy kapacit\u00e1s\u00fa, sz\u00e9les s\u00e1v\u00fa h\u00e1l\u00f3zat fejleszt\u00e9se<\/p>\n<p><strong>Szerz\u0151d\u00f6tt t\u00e1mogat\u00e1s \u00f6sszege: <\/strong>176\u00a0349 380- Ft<\/p>\n<p><strong>Projekt tervezett befejez\u00e9si d\u00e1tuma: <\/strong>2028.12.31.<\/p>\n<p><strong>Projekt tartalm\u00e1nak r\u00e9szletes bemutat\u00e1sa:<\/strong><\/p>\n<p>A beavatkoz\u00e1sok c\u00e9lja gigabitk\u00e9pes h\u00e1l\u00f3zati infrastrukt\u00fara kialak\u00edt\u00e1sa, a min\u0151s\u00e9gi sz\u00e9less\u00e1v\u00fa szolg\u00e1ltat\u00e1sok el\u00e9rhet\u0151v\u00e9 t\u00e9tele \u00e9s a vezet\u00e9k n\u00e9lk\u00fcli h\u00e1l\u00f3zati lefedetts\u00e9g n\u00f6vel\u00e9se annak \u00e9rdek\u00e9ben, hogy lehet\u0151v\u00e9 tegye a lakoss\u00e1g \u00e9s a gazdas\u00e1gi szerepl\u0151k sz\u00e1m\u00e1ra a technol\u00f3giai el\u0151rel\u00e9p\u00e9st, cs\u00f6kkentse a digit\u00e1lis szakad\u00e9kot, el\u0151seg\u00edtse a nemzetgazdas\u00e1g versenyk\u00e9pess\u00e9g\u00e9nek n\u00f6vel\u00e9s\u00e9t, t\u00e1mogassa a foglalkoztathat\u00f3s\u00e1got \u00e9s jav\u00edtsa az es\u00e9lyegyenl\u0151s\u00e9get a digit\u00e1lis szolg\u00e1ltat\u00e1sokhoz val\u00f3 hozz\u00e1f\u00e9r\u00e9s ter\u00e9n.<\/p>\n<p>A projekt keret\u00e9ben a <strong>Szeghalmi j\u00e1r\u00e1sban<\/strong> ki\u00e9p\u00edt\u00e9sre ker\u00fcl a vezet\u00e9kes h\u00e1l\u00f3zatokban:<\/p>\n<p>&#8211;\u00a0\u00a0\u00a0\u00a0\u00a0\u00a0\u00a0\u00a0\u00a0 Let\u00f6lt\u00e9si ir\u00e1nyban n\u00e9vlegesen 1000 Mbps-t meghalad\u00f3 sebess\u00e9g\u0171, 300 Mbps-t meghalad\u00f3 garant\u00e1lt sebess\u00e9g\u0171 internet szolg\u00e1ltat\u00e1s,<\/p>\n<p>&#8211;\u00a0\u00a0\u00a0\u00a0\u00a0\u00a0\u00a0\u00a0\u00a0 Felt\u00f6lt\u00e9si ir\u00e1nyban n\u00e9vlegesen 300 Mbps meghalad\u00f3 sebess\u00e9g\u0171, 50 Mbps-t meghalad\u00f3 garant\u00e1lt sebess\u00e9g\u0171 internet szolg\u00e1ltat\u00e1s<\/p>\n<p>FTTH (Fiber to the Home) p2p, FTTH pmp (xPON) technol\u00f3gi\u00e1k alkalmaz\u00e1s\u00e1val.<\/p>\n<p>A lefedend\u0151 ig\u00e9nyhelyek, a kapcsol\u00f3d\u00f3 t\u00e1pter\u00fcletek \u00e9s a kiv\u00e1lasztott technol\u00f3giai megold\u00e1s meghat\u00e1roz\u00e1sa a rendelkez\u00e9sre \u00e1ll\u00f3 megl\u00e9v\u0151, valamint a tervez\u00e9s alatt \u00e1ll\u00f3 h\u00e1l\u00f3zati adatok, a szakmai \u00e9s p\u00e1ly\u00e1zati tapasztalatok alapj\u00e1n k\u00e9sz\u00fclt.<\/p>\n<p>A fejleszt\u00e9s eredm\u00e9nyek\u00e9nt a j\u00e1r\u00e1sban gigabitk\u00e9pes optikai lefed\u00e9st kap a v\u00e1llalt darabsz\u00e1m\u00fa ig\u00e9nyhely, megval\u00f3sul az \u00e9rintett b\u00e1zis\u00e1llom\u00e1s ig\u00e9nyhely(ek) optikai bek\u00f6t\u00e9se, valamint az \u00e9rintett telep\u00fcl\u00e9s eset\u00e9ben ker\u00fcl ki\u00e9p\u00edt\u00e9sre k\u00e9tir\u00e1ny\u00fa aggreg\u00e1ci\u00f3s bek\u00f6t\u00e9s, amely hozz\u00e1j\u00e1rul a lakoss\u00e1gi, v\u00e1llalati, int\u00e9zm\u00e9nyi sz\u00e9less\u00e1v\u00fa h\u00e1l\u00f3zati v\u00e9gpontok gigabitk\u00e9pess\u00e9 t\u00e9tel\u00e9hez, ezzel a sz\u00e9less\u00e1v\u00fa szolg\u00e1ltat\u00e1sok min\u0151s\u00e9g\u00e9nek jav\u00edt\u00e1s\u00e1hoz \u00e9s a hozz\u00e1f\u00e9r\u00e9si es\u00e9lyegyenl\u0151s\u00e9g megteremt\u00e9s\u00e9hez.<\/p>\n<p>A projekt fenntarthat\u00f3s\u00e1g\u00e1t a j\u00f6v\u0151\u00e1ll\u00f3, megfelel\u0151 kapacit\u00e1startal\u00e9kkal rendelkez\u0151 h\u00e1l\u00f3zat, a szabv\u00e1nyos SLA-alap\u00fa \u00fczemeltet\u00e9s, a jogszab\u00e1lyi megfelel\u00e9s folyamatos nyomon k\u00f6vet\u00e9se \u00e9s szolg\u00e1ltat\u00e1sb\u0151v\u00edt\u00e9si potenci\u00e1l szavatolja. Mindez m\u00e9rhet\u0151 t\u00e1rsadalmi-gazdas\u00e1gi hasznot \u00e9s kisz\u00e1m\u00edthat\u00f3, hossz\u00fa t\u00e1von stabil m\u0171k\u00f6d\u00e9st biztos\u00edt.<\/p>\n<p>\u00a0<\/p>\n\t\t\n<style>\n#text-2019932897 {\n  color: rgb(0,0,0);\n}\n#text-2019932897 > * {\n  color: rgb(0,0,0);\n}\n<\/style>\n\t<\/div>\n\t\n\n\t\t<\/div>\n\t\t\t\t\t<\/div>\n\n\t\n\n<\/div>\n<div class=\"row\"  id=\"row-1222780473\">\n\n\n\t<div id=\"col-1716583594\" class=\"col medium-6 small-12 large-6\"  >\n\t\t\t\t<div class=\"col-inner\"  >\n\t\t\t\n\t\t\t\n\n\t<div class=\"img has-hover x md-x lg-x y md-y lg-y\" id=\"image_462418347\">\n\t\t\t\t\t\t\t\t<div class=\"img-inner dark\" >\n\t\t\t<img loading=\"lazy\" decoding=\"async\" width=\"2560\" height=\"1299\" src=\"https:\/\/kitnet.hu\/wp-content\/uploads\/2026\/02\/kitnet_palyazat-scaled.jpg\" class=\"attachment-original size-original\" alt=\"\" srcset=\"https:\/\/kitnet.hu\/wp-content\/uploads\/2026\/02\/kitnet_palyazat-scaled.jpg 2560w, https:\/\/kitnet.hu\/wp-content\/uploads\/2026\/02\/kitnet_palyazat-300x152.jpg 300w, https:\/\/kitnet.hu\/wp-content\/uploads\/2026\/02\/kitnet_palyazat-1024x520.jpg 1024w, https:\/\/kitnet.hu\/wp-content\/uploads\/2026\/02\/kitnet_palyazat-768x390.jpg 768w, https:\/\/kitnet.hu\/wp-content\/uploads\/2026\/02\/kitnet_palyazat-1536x780.jpg 1536w, https:\/\/kitnet.hu\/wp-content\/uploads\/2026\/02\/kitnet_palyazat-2048x1040.jpg 2048w\" sizes=\"auto, (max-width: 2560px) 100vw, 2560px\" \/>\t\t\t\t\t\t\n\t\t\t\t\t<\/div>\n\t\t\t\t\t\t\t\t\n<style>\n#image_462418347 {\n  width: 100%;\n}\n<\/style>\n\t<\/div>\n\t\n\n\t<div id=\"text-2397809629\" class=\"text\">\n\t\t\n\n<p><strong>A\u00a0szerz\u0151d\u00f6tt t\u00e1mogat\u00e1s \u00f6sszege, &#8211; 33 002 700 Ft\u00a0<\/strong><\/p>\n<p><strong>A\u00a0t\u00e1mogat\u00e1s m\u00e9rt\u00e9ke &#8211;\u00a088,49 %\u00a0<\/strong><\/p>\n<p><strong>A\u00a0projekt tervezett befejez\u00e9si d\u00e1tuma\u00a0 &#8211; 2023.03.31\u00a0<\/strong><\/p>\n<p><strong>Projekt azonos\u00edt\u00f3 sz\u00e1ma &#8211; GINOP-3.4.1-15-2018-00286<\/strong><\/p>\n<p><strong>Projekt bemutat\u00e1sa:<\/strong><\/p>\n<p>A KitNet Kft. vezet\u00e9kes- \u00e9s vezet\u00e9k n\u00e9lk\u00fcli internet szolg\u00e1ltat\u00e1ssal foglalkozik, elektronikus h\u00edrk\u00f6zl\u00e9si szolg\u00e1ltat\u00e1st ny\u00fajt az el\u0151fizet\u0151k r\u00e9sz\u00e9re. Folyamatos szolg\u00e1ltat\u00e1s keret\u00e9ben saj\u00e1t tulajdon\u00fa mikrohull\u00e1m\u00fa, optikai, illetve b\u00e9relt vezet\u00e9kes k\u00e1beltelev\u00edzi\u00f3s h\u00e1l\u00f3zaton a Nemzeti M\u00e9dia- \u00e9s H\u00edrk\u00f6zl\u00e9si Hat\u00f3s\u00e1g \u00e1ltal nyilv\u00e1ntart\u00e1sba vett h\u00edrk\u00f6zl\u00e9si szolg\u00e1ltat\u00f3k\u00e9nt. A b\u00e1zispont vagy fej\u00e1llom\u00e1s kialak\u00edt\u00e1s\u00e1t\u00f3l eg\u00e9szen az \u00fcgyf\u00e9l v\u00e9gpontokig t\u00f6rt\u00e9n\u0151 \u00f6sszek\u00f6t\u00e9st, valamint \u00e9p\u00fcleteken bel\u00fcli kapcsolatok ki\u00e9p\u00edt\u00e9s\u00e9t v\u00e1llaljuk vezet\u00e9ken, illetve vezet\u00e9k n\u00e9lk\u00fcl. Egyedi megrendel\u00e9sek alapj\u00e1n c\u00e9g\u00fcnk t\u00e1vk\u00f6zl\u00e9si \u00e9s informatikai eszk\u00f6z\u00f6k \u00e9s anyagok beszerz\u00e9s\u00e9t \u00e9s \u00e9rt\u00e9kes\u00edt\u00e9s\u00e9t is elv\u00e9gzi, projekt jelleggel, nem kiskereskedelmi tev\u00e9kenys\u00e9g form\u00e1j\u00e1ban. A c\u00e9g jelenlegi helyzet\u00e9t stabilnak, fejl\u0151d\u0151nek \u00edt\u00e9lj\u00fck meg. A m\u00e1r megnyert p\u00e1ly\u00e1zatok seg\u00edts\u00e9g\u00e9vel folyamatosan \u00fajulnak meg eszk\u00f6zeink, \u00e9s b\u0151v\u00fcl \u00fcgyf\u00e9lk\u00f6r\u00fcnk. Az \u00e1raink versenyk\u00e9pesek, havid\u00edjaink alacsonyabbak, mint m\u00e1s konkurens szolg\u00e1ltat\u00f3k\u00e9 (mobil internet, ADSL). F\u0151 c\u00e9lunk, hogy min\u00e9l t\u00f6bb h\u00e1ztart\u00e1sban, v\u00e1llalkoz\u00e1sban jelen legy\u00fcnk. A rugalmas \u00fcgyf\u00e9lkapcsolat, a j\u00f3 min\u0151s\u00e9g\u0171 szolg\u00e1ltat\u00e1s \u00e9s nem utols\u00f3 sorban a kedvez\u0151 \u00e1rnak k\u00f6sz\u00f6nhet\u0151en egyre t\u00f6bben v\u00e1lasztanak minket a t\u00e9rs\u00e9gben, ezzel r\u00e9gi szolg\u00e1ltat\u00f3ikat \u00fajra cser\u00e9lve. A c\u00e9g \u00e1ltal ny\u00fajtott szolg\u00e1ltat\u00e1sok: vezet\u00e9kes \u00e9s vezet\u00e9k n\u00e9lk\u00fcli t\u00e1vk\u00f6zl\u00e9s. A c\u00e9g 16 j\u00e1r\u00e1sban van jelen: Szeghalom, K\u00f6r\u00f6slad\u00e1ny, V\u00e9szt\u0151, Ok\u00e1ny, Zsad\u00e1ny, Mez\u0151gy\u00e1n, Geszt, K\u00f6r\u00f6s\u00fajfalu, \u00dajir\u00e1z, Cs\u00f6km\u0151, D\u00e9vav\u00e1nya, Ecsegfalva, Kert\u00e9szsziget, Bucsa, Szerep, S\u00e1rr\u00e9tudvari j\u00e1r\u00e1sok.<\/p>\n\t\t\n<style>\n#text-2397809629 {\n  color: rgb(0,0,0);\n}\n#text-2397809629 > * {\n  color: rgb(0,0,0);\n}\n<\/style>\n\t<\/div>\n\t\n\n\t\t<\/div>\n\t\t\t\t\t<\/div>\n\n\t\n\n\t<div id=\"col-1197548458\" class=\"col medium-6 small-12 large-6\"  >\n\t\t\t\t<div class=\"col-inner\"  >\n\t\t\t\n\t\t\t\n\n\t<div class=\"img has-hover x md-x lg-x y md-y lg-y\" id=\"image_447104604\">\n\t\t\t\t\t\t\t\t<div class=\"img-inner dark\" >\n\t\t\t<img loading=\"lazy\" decoding=\"async\" width=\"1186\" height=\"842\" src=\"https:\/\/kitnet.hu\/wp-content\/uploads\/2026\/02\/ginop_1_2_2_16_2017_00313_c_fekvo_nyomdai.jpg\" class=\"attachment-original size-original\" alt=\"\" srcset=\"https:\/\/kitnet.hu\/wp-content\/uploads\/2026\/02\/ginop_1_2_2_16_2017_00313_c_fekvo_nyomdai.jpg 1186w, https:\/\/kitnet.hu\/wp-content\/uploads\/2026\/02\/ginop_1_2_2_16_2017_00313_c_fekvo_nyomdai-300x213.jpg 300w, https:\/\/kitnet.hu\/wp-content\/uploads\/2026\/02\/ginop_1_2_2_16_2017_00313_c_fekvo_nyomdai-1024x727.jpg 1024w, https:\/\/kitnet.hu\/wp-content\/uploads\/2026\/02\/ginop_1_2_2_16_2017_00313_c_fekvo_nyomdai-768x545.jpg 768w\" sizes=\"auto, (max-width: 1186px) 100vw, 1186px\" \/>\t\t\t\t\t\t\n\t\t\t\t\t<\/div>\n\t\t\t\t\t\t\t\t\n<style>\n#image_447104604 {\n  width: 100%;\n}\n@media (min-width:550px) {\n  #image_447104604 {\n    width: 73%;\n  }\n}\n<\/style>\n\t<\/div>\n\t\n\n\t<div id=\"text-2621997986\" class=\"text\">\n\t\t\n\n<p style=\"font-weight: 400;\"><b><strong>A\u00a0kedvezm\u00e9nyezett neve, &#8211; KITNET Kereskedelmi \u00e9s Szolg\u00e1ltat\u00f3 Korl\u00e1tolt Felel\u0151ss\u00e9g\u0171 T\u00e1rsas\u00e1g<\/strong><\/b><\/p>\n<p style=\"font-weight: 400;\"><b><strong>A\u00a0projekt c\u00edme, &#8211; Technol\u00f3gia fejleszt\u00e9s \u00e9s kapacit\u00e1sb\u0151v\u00edt\u00e9s a KITNET Kft-n\u00e9l\u00a0<\/strong><\/b><\/p>\n<p style=\"font-weight: 400;\"><b><strong>A\u00a0szerz\u0151d\u00f6tt t\u00e1mogat\u00e1s \u00f6sszege, &#8211; 6 916 000 Ft\u00a0<\/strong><\/b><br \/><b><strong>A\u00a0t\u00e1mogat\u00e1s m\u00e9rt\u00e9ke &#8211; 50 %\u00a0<\/strong><\/b><br \/><b><strong>A\u00a0projekt tervezett befejez\u00e9si d\u00e1tuma\u00a0 &#8211; 2017.12.31.\u00a0<\/strong><\/b><br \/><b><strong>Projekt azonos\u00edt\u00f3 sz\u00e1ma &#8211; GINOP-1.2.2-16-2017-00313\u00a0<\/strong><\/b><\/p>\n<p style=\"font-weight: 400;\"><b><strong>A projekt tartalm\u00e1nak bemutat\u00e1sa:<\/strong><\/b>\u00a0<\/p>\n<p style=\"font-weight: 400;\">A fejleszt\u00e9s sor\u00e1n h\u00e1l\u00f3zat\u00fczemeltet\u00e9shez sz\u00fcks\u00e9ges m\u00e9r\u0151m\u0171szerek \u00e9s 1 mini kotr\u00f3 ker\u00fcl beszerz\u00e9sre. Ezen technol\u00f3giai eszk\u00f6z\u00f6kkel \u00e9s g\u00e9ppel a v\u00e1llalkoz\u00e1sunk nem rendelkezik. A jelenlegi technol\u00f3gi\u00e1kkal a m\u00e9r\u00e9si folyamatok t\u00f6bb napot vesznek ig\u00e9nybe, valamint kev\u00e9sb\u00e9 pontosak, mint a beszerezni tervezett eszk\u00f6z\u00f6kkel. El\u0151fizet\u0151ink sz\u00e1m\u00e1nak \u00e9s a piaci verseny folyt\u00e1n a szolg\u00e1ltat\u00e1sok sz\u00ednvonal\u00e1nak n\u00f6veked\u00e9se \u00e9rdek\u00e9ben elengedhetetlen, hogy az \u00fczemeltet\u00e9shez a megfelel\u0151 technol\u00f3gia \u00e9s eszk\u00f6z\u00e1llom\u00e1ny saj\u00e1t tulajdonban rendelkez\u00e9sre \u00e1lljon. 1 db EXFO MaxTester-730C-SM2 \u2013 OTDR m\u00e9r\u0151 \u00e9s tartoz\u00e9kai (VPM2X l\u00e1that\u00f3 f\u00e9ny\u0171 hibakeres\u0151, RF &#8211; Exfo Wi-Fi \u00e9s Bluetooth adatkommunik\u00e1ci\u00f3). Az eszk\u00f6z seg\u00edts\u00e9g\u00e9vel az \u00e1ltalunk \u00fczemeltetett vonalas h\u00e1l\u00f3zatokon keletkez\u0151 hiba eset\u00e9n meg\u00e1llap\u00edthat\u00f3 az adott link mely komponense felel a hib\u00e1\u00e9rt. A tablet-szer\u0171 kialak\u00edt\u00e1s\u00e1nak, valamint a modul\u00e1ris fel\u00e9p\u00edt\u00e9snek k\u00f6sz\u00f6nhet\u0151en teljesen felhaszn\u00e1l\u00f3bar\u00e1t a k\u00e9sz\u00fcl\u00e9k, mely el\u0151seg\u00edti a gyors \u00e9s pontos m\u00e9r\u00e9seket. A rendszer lehet\u0151v\u00e9 teszi az adott m\u00e9r\u00e9sr\u0151l jegyz\u0151k\u00f6nyv k\u00e9sz\u00edt\u00e9s\u00e9t is. 1 db EXFO MaxTester 945 OLTS m\u00e9r\u0151 \u00e9s tartoz\u00e9ka (VFL l\u00e1that\u00f3 f\u00e9ny\u0171 hibakeres\u0151 EXFo MAX-945-SM4-hez) k\u00e9sz\u00fcl\u00e9k is beszerz\u00e9sre ker\u00fcl, mely seg\u00edts\u00e9g\u00e9vel megvizsg\u00e1lhat\u00f3, hogy az adott h\u00e1l\u00f3zatszakaszon ny\u00fajtand\u00f3 alkalmaz\u00e1s biztosan m\u0171k\u00f6dni fog-e. A h\u00e1l\u00f3zati diagnosztika els\u0151 l\u00e9p\u00e9se ennek megfelel\u0151en a csillap\u00edt\u00e1s m\u00e9r\u00e9s. A beszerezni k\u00edv\u00e1nt k\u00e9sz\u00fcl\u00e9k 5 m\u00e1sodperc alatt k\u00e9pes meg\u00e1llap\u00edtani az adott szakasz csillap\u00edt\u00e1s\u00e1t, a programozott s\u00e9m\u00e1kkal \u00f6sszehasonl\u00edtva pedig jelzi az esetleges hib\u00e1t. A gyors m\u00e9r\u00e9si id\u0151tartamnak k\u00f6sz\u00f6nhet\u0151en t\u00f6bb \u00f3r\u00e1val r\u00f6vid\u00fcl egy szakasz bem\u00e9r\u00e9se, hibajav\u00edt\u00e1sa, vagy \u00e1llapotfelm\u00e9r\u00e9se. A k\u00e9sz\u00fcl\u00e9k alkalmas jegyz\u0151k\u00f6nyv k\u00e9sz\u00edt\u00e9s\u00e9re is. A fejleszt\u00e9s eg\u00e9sz\u00e9hez mind a k\u00e9t k\u00e9sz\u00fcl\u00e9k beszerz\u00e9se sz\u00fcks\u00e9ges, mivel az OLTS k\u00e9sz\u00fcl\u00e9kkel a hib\u00e1s szakasz, az OTDR k\u00e9sz\u00fcl\u00e9kkel pedig a hiba pontos oka t\u00e1rhat\u00f3 fel igen r\u00f6vid id\u0151 alatt. 1 db Kubota KX016-4G mini kotr\u00f3 beszerz\u00e9se (13LE 3 hengeres d\u00edzelmotor, 2250mm \u00e1s\u00e1si m\u00e9lys\u00e9g, 2290 mm kan\u00e1l \u00fcr\u00edt\u00e9si magass\u00e1g, 990- 1240mm nyomt\u00e1v sz\u00e9less\u00e9g, k\u00e9t sebess\u00e9gi fokozat). A mini kotr\u00f3 beszerz\u00e9s\u00e9nek c\u00e9lja, a f\u00f6ldk\u00e1beles szakaszokn\u00e1l a fenti eszk\u00f6z\u00f6kkel a hiba pontos hely\u00e9nek meghat\u00e1roz\u00e1s\u00e1t k\u00f6vet\u0151en az eddigi k\u00e9zi f\u00f6ldmunka kiv\u00e1lt\u00e1sa. A projekt sor\u00e1n a v\u00e1llalkoz\u00e1sunk vezet\u00e9kes t\u00e1vk\u00f6zl\u00e9si keret\u00e9ben ny\u00fajtott sz\u00e9less\u00e1v\u00fa internet szolg\u00e1ltat\u00e1sa ker\u00fcl fejleszt\u00e9sre oly m\u00f3don, hogy a vonalas h\u00e1l\u00f3zatainkat saj\u00e1t k\u00e9sz\u00fcl\u00e9kkel fogjuk tudni karban tartani, az eddigi k\u00f6lcs\u00f6n k\u00e9sz\u00fcl\u00e9kek \u00e9s alv\u00e1llalkoz\u00f3 ig\u00e9nybev\u00e9tele helyett. Az \u00faj kapacit\u00e1soknak k\u00f6sz\u00f6nhet\u0151en a h\u00e1l\u00f3zatainkon el\u00e9rhet\u0151 szolg\u00e1ltat\u00e1saink sz\u00ednvonala n\u00f6vekedni fog, a karbantart\u00e1si \u00e9s az el\u0151fizet\u0151k bekapcsol\u00e1si ideje cs\u00f6kkenni fog, egys\u00e9gnyi id\u0151 alatt nagyobb h\u00e1l\u00f3zatszakaszt tudunk felm\u00e9rni, ez\u00e1ltal a rendszer rendelkez\u00e9sre \u00e1ll\u00e1si ideje javulni fog, \u00edgy az el\u0151fizet\u0151k megel\u00e9gedetts\u00e9ge \u00e9s sz\u00e1ma is n\u00f6vekszik, ami seg\u00edti a megl\u00e9v\u0151 munkahelyek fenntart\u00e1s\u00e1t \u00e9s \u00fajak teremt\u00e9s\u00e9t.<\/p>\n\t\t\n<style>\n#text-2621997986 {\n  color: rgb(0,0,0);\n}\n#text-2621997986 > * {\n  color: rgb(0,0,0);\n}\n<\/style>\n\t<\/div>\n\t\n\n\t\t<\/div>\n\t\t\t\t\t<\/div>\n\n\t\n\n<\/div>\n\n\t\t<\/div>\n\n\t\t\n<style>\n#section_898874905 {\n  padding-top: 30px;\n  padding-bottom: 30px;\n}\n<\/style>\n\t<\/section>\n\t\n\n","protected":false},"excerpt":{"rendered":"","protected":false},"author":1,"featured_media":0,"parent":0,"menu_order":0,"comment_status":"closed","ping_status":"closed","template":"page-blank.php","meta":{"footnotes":""},"class_list":["post-29","page","type-page","status-publish","hentry"],"_links":{"self":[{"href":"https:\/\/kitnet.hu\/index.php?rest_route=\/wp\/v2\/pages\/29","targetHints":{"allow":["GET"]}}],"collection":[{"href":"https:\/\/kitnet.hu\/index.php?rest_route=\/wp\/v2\/pages"}],"about":[{"href":"https:\/\/kitnet.hu\/index.php?rest_route=\/wp\/v2\/types\/page"}],"author":[{"embeddable":true,"href":"https:\/\/kitnet.hu\/index.php?rest_route=\/wp\/v2\/users\/1"}],"replies":[{"embeddable":true,"href":"https:\/\/kitnet.hu\/index.php?rest_route=%2Fwp%2Fv2%2Fcomments&post=29"}],"version-history":[{"count":10,"href":"https:\/\/kitnet.hu\/index.php?rest_route=\/wp\/v2\/pages\/29\/revisions"}],"predecessor-version":[{"id":314,"href":"https:\/\/kitnet.hu\/index.php?rest_route=\/wp\/v2\/pages\/29\/revisions\/314"}],"wp:attachment":[{"href":"https:\/\/kitnet.hu\/index.php?rest_route=%2Fwp%2Fv2%2Fmedia&parent=29"}],"curies":[{"name":"wp","href":"https:\/\/api.w.org\/{rel}","templated":true}]}}